{"id":7,"date":"2016-01-08T17:00:00","date_gmt":"2016-01-08T16:00:00","guid":{"rendered":"http:\/\/kevinrechsteiner.com\/bananafishbones2015\/?page_id=7"},"modified":"2022-07-06T07:05:41","modified_gmt":"2022-07-06T05:05:41","slug":"live-unplugged-2015","status":"publish","type":"page","link":"https:\/\/kevinrechsteiner.com\/bananafishbones2015\/","title":{"rendered":"Live &#038; Unplugged 2015"},"content":{"rendered":"<p>Das Jahresende mit den live &amp; unplugged-Konzerten von denen Bananafishbones ist f\u00fcr mich mittlerweile etwas geworden, worauf ich mich das ganze Jahr freue. Bereits zum dritten Mal (<a href=\"http:\/\/notalike.ch\/bananafishbones2013\/\" target=\"_blank\" rel=\"noopener noreferrer\">Fotos 2013<\/a> \/ <a href=\"http:\/\/notalike.ch\/bananafishbones2014\/\" target=\"_blank\" rel=\"noopener noreferrer\">Fotos 2014<\/a>) war ich nun mit dabei und auch in diesem Jahr haben die Fishbones mit neuen&nbsp;G\u00e4sten und einer tollen Live-Show beeindruckt. Dieses Jahr waren Luke Cyrus G\u00f6tze (er war 2013 schon dabei) und Henni Gr\u00f6blehner (von Pour Elise) mit dabei. Die beiden haben die Songs der Bananafishbones sehr sch\u00f6n erg\u00e4nzt und erweitert.<br \/>\nDieses Jahr waren auch viele neue Songs dabei und sehr coole Interpretationen von Eminems Lose Yourself und Coldplays Yellow. Die gecoverten Songs geh\u00f6ren bei den Bananafishbones auch schon zu einem festen Bestandteil, was die Shows in jedem Jahr wieder neu und interessant macht. Bei den Bananafishbones&nbsp;weiss man nie so genau, was man bekommt! Aber &#8211; es ist gut!<br \/>\nHier kann man sich die <a href=\"http:\/\/kevinrechsteiner.com\/bananafishbones2015\/?page_id=75\">Fotostrecke&nbsp;von diesem Jahr ansehen<\/a>.<\/p>\n<p>&nbsp;<\/p>\n<p><img loading=\"lazy\" class=\"alignnone size-full wp-image-8\" src=\"http:\/\/kevinrechsteiner.com\/bananafishbones2015\/wp-content\/uploads\/2016\/01\/01.jpg\" alt=\"01\" width=\"1200\" height=\"800\" srcset=\"https:\/\/kevinrechsteiner.com\/bananafishbones2015\/wp-content\/uploads\/2016\/01\/01.jpg 1200w, https:\/\/kevinrechsteiner.com\/bananafishbones2015\/wp-content\/uploads\/2016\/01\/01-300x200.jpg 300w, https:\/\/kevinrechsteiner.com\/bananafishbones2015\/wp-content\/uploads\/2016\/01\/01-768x512.jpg 768w, https:\/\/kevinrechsteiner.com\/bananafishbones2015\/wp-content\/uploads\/2016\/01\/01-1024x683.jpg 1024w, https:\/\/kevinrechsteiner.com\/bananafishbones2015\/wp-content\/uploads\/2016\/01\/01-304x203.jpg 304w\" sizes=\"(max-width: 1200px) 100vw, 1200px\" \/><\/p>\n","protected":false},"excerpt":{"rendered":"<p>Das Jahresende mit den live &amp; unplugged-Konzerten von denen Bananafishbones ist f\u00fcr mich mittlerweile etwas geworden, worauf ich mich das ganze Jahr freue. Bereits zum dritten Mal (Fotos 2013 \/ Fotos 2014) war ich nun mit dabei und auch in diesem Jahr haben die Fishbones mit neuen&nbsp;G\u00e4sten und einer tollen Live-Show beeindruckt. Dieses Jahr waren &hellip; <a href=\"https:\/\/kevinrechsteiner.com\/bananafishbones2015\/\" class=\"more-link\"><span class=\"screen-reader-text\">Live &#038; Unplugged 2015<\/span> weiterlesen<\/a><\/p>\n","protected":false},"author":3,"featured_media":0,"parent":0,"menu_order":0,"comment_status":"closed","ping_status":"closed","template":"","meta":{"_mi_skip_tracking":false},"_links":{"self":[{"href":"https:\/\/kevinrechsteiner.com\/bananafishbones2015\/index.php?rest_route=\/wp\/v2\/pages\/7"}],"collection":[{"href":"https:\/\/kevinrechsteiner.com\/bananafishbones2015\/index.php?rest_route=\/wp\/v2\/pages"}],"about":[{"href":"https:\/\/kevinrechsteiner.com\/bananafishbones2015\/index.php?rest_route=\/wp\/v2\/types\/page"}],"author":[{"embeddable":true,"href":"https:\/\/kevinrechsteiner.com\/bananafishbones2015\/index.php?rest_route=\/wp\/v2\/users\/3"}],"replies":[{"embeddable":true,"href":"https:\/\/kevinrechsteiner.com\/bananafishbones2015\/index.php?rest_route=%2Fwp%2Fv2%2Fcomments&post=7"}],"version-history":[{"count":9,"href":"https:\/\/kevinrechsteiner.com\/bananafishbones2015\/index.php?rest_route=\/wp\/v2\/pages\/7\/revisions"}],"predecessor-version":[{"id":102,"href":"https:\/\/kevinrechsteiner.com\/bananafishbones2015\/index.php?rest_route=\/wp\/v2\/pages\/7\/revisions\/102"}],"wp:attachment":[{"href":"https:\/\/kevinrechsteiner.com\/bananafishbones2015\/index.php?rest_route=%2Fwp%2Fv2%2Fmedia&parent=7"}],"curies":[{"name":"wp","href":"https:\/\/api.w.org\/{rel}","templated":true}]}}