{"id":70,"date":"2016-12-29T09:28:41","date_gmt":"2016-12-29T08:28:41","guid":{"rendered":"http:\/\/kevinrechsteiner.com\/bananafishbones2016\/?page_id=70"},"modified":"2016-12-29T09:57:34","modified_gmt":"2016-12-29T08:57:34","slug":"live-unplugged-2016","status":"publish","type":"page","link":"https:\/\/kevinrechsteiner.com\/bananafishbones2016\/","title":{"rendered":"Live &#038; Unplugged 2016"},"content":{"rendered":"<p>Manchmal, wenn ich an den Bananafishbones-Konzerten im Saal stehe und dem Konzert zuh\u00f6re frage ich mich, wie ich genau an dem Ort gelandet bin. Wie ich diese tollen Menschen kennengelernt habe. Bereits zum vierten Mal durfte ich die Fishbones w\u00e4hrend der Live &amp; Unplugged-Konzerte fotografieren. F\u00fcr mich sind diese Konzerte und Treffen immer wieder etwas besonderes und ich kehre sehr gerne nach Bad T\u00f6lz zur\u00fcck. Die Bananafishbones haben w\u00e4hrend den Konzerten ein neues Album f\u00fcrs n\u00e4chste Jahr angek\u00fcndigt. Ich bin schon sehr gespannt darauf und freue mich auf die Konzerte 2017. Ich bin sicher wieder dabei.<br \/>\nHier kann man sich die <a href=\"http:\/\/kevinrechsteiner.com\/bananafishbones2016\/?page_id=72\">Fotostrecke\u00a0von diesem Jahr ansehen.<\/a><\/p>\n<p><img loading=\"lazy\" class=\"alignnone size-full wp-image-9\" src=\"http:\/\/kevinrechsteiner.com\/bananafishbones2016\/wp-content\/uploads\/2016\/12\/IMG_9554.jpg\" alt=\"\" width=\"1500\" height=\"1000\" srcset=\"https:\/\/kevinrechsteiner.com\/bananafishbones2016\/wp-content\/uploads\/2016\/12\/IMG_9554.jpg 1500w, https:\/\/kevinrechsteiner.com\/bananafishbones2016\/wp-content\/uploads\/2016\/12\/IMG_9554-300x200.jpg 300w, https:\/\/kevinrechsteiner.com\/bananafishbones2016\/wp-content\/uploads\/2016\/12\/IMG_9554-768x512.jpg 768w, https:\/\/kevinrechsteiner.com\/bananafishbones2016\/wp-content\/uploads\/2016\/12\/IMG_9554-1024x683.jpg 1024w\" sizes=\"(max-width: 1500px) 100vw, 1500px\" \/><\/p>\n","protected":false},"excerpt":{"rendered":"<p>Manchmal, wenn ich an den Bananafishbones-Konzerten im Saal stehe und dem Konzert zuh\u00f6re frage ich mich, wie ich genau an dem Ort gelandet bin. Wie ich diese tollen Menschen kennengelernt habe. Bereits zum vierten Mal durfte ich die Fishbones w\u00e4hrend der Live &amp; Unplugged-Konzerte fotografieren. F\u00fcr mich sind diese Konzerte und Treffen immer wieder etwas &hellip; <\/p>\n<p class=\"link-more\"><a href=\"https:\/\/kevinrechsteiner.com\/bananafishbones2016\/\" class=\"more-link\"><span class=\"screen-reader-text\">\u201eLive &#038; Unplugged 2016\u201c<\/span> weiterlesen<\/a><\/p>\n","protected":false},"author":3,"featured_media":0,"parent":0,"menu_order":0,"comment_status":"closed","ping_status":"closed","template":"","meta":[],"_links":{"self":[{"href":"https:\/\/kevinrechsteiner.com\/bananafishbones2016\/index.php?rest_route=\/wp\/v2\/pages\/70"}],"collection":[{"href":"https:\/\/kevinrechsteiner.com\/bananafishbones2016\/index.php?rest_route=\/wp\/v2\/pages"}],"about":[{"href":"https:\/\/kevinrechsteiner.com\/bananafishbones2016\/index.php?rest_route=\/wp\/v2\/types\/page"}],"author":[{"embeddable":true,"href":"https:\/\/kevinrechsteiner.com\/bananafishbones2016\/index.php?rest_route=\/wp\/v2\/users\/3"}],"replies":[{"embeddable":true,"href":"https:\/\/kevinrechsteiner.com\/bananafishbones2016\/index.php?rest_route=%2Fwp%2Fv2%2Fcomments&post=70"}],"version-history":[{"count":6,"href":"https:\/\/kevinrechsteiner.com\/bananafishbones2016\/index.php?rest_route=\/wp\/v2\/pages\/70\/revisions"}],"predecessor-version":[{"id":89,"href":"https:\/\/kevinrechsteiner.com\/bananafishbones2016\/index.php?rest_route=\/wp\/v2\/pages\/70\/revisions\/89"}],"wp:attachment":[{"href":"https:\/\/kevinrechsteiner.com\/bananafishbones2016\/index.php?rest_route=%2Fwp%2Fv2%2Fmedia&parent=70"}],"curies":[{"name":"wp","href":"https:\/\/api.w.org\/{rel}","templated":true}]}}