{"id":5,"date":"2018-01-12T10:01:42","date_gmt":"2018-01-12T09:01:42","guid":{"rendered":"http:\/\/kevinrechsteiner.com\/bananafishbones2017\/?page_id=5"},"modified":"2025-08-07T15:38:03","modified_gmt":"2025-08-07T13:38:03","slug":"live-unplugged-2017","status":"publish","type":"page","link":"https:\/\/kevinrechsteiner.com\/bananafishbones2017\/","title":{"rendered":"Live &#038; Unplugged 2017"},"content":{"rendered":"<p>Bereits zum f\u00fcnften Mal habe ich die Live &amp; Unplugged-Konzerte der Bananafishbones besucht. Im Jahr 2017 war es ein ganz spezieller Anlass, weil die Bananafishbones ihr dreissigj\u00e4hriges Jubil\u00e4um feierten. In diesem Jahr gab es keine Gastmusiker, daf\u00fcr ganz viel Geschichte zu dreissig Jahren Bananafishbones.<br \/>\nIch hoffe, dass ich auch in diesem Jahr die Emotionen der Live &amp; Unplugged-Konzerte einfangen konnte.<br \/>\n<a href=\"https:\/\/kevinrechsteiner.com\/bananafishbones2017\/galerie\/\">Hier geht&#8217;s zur Bildergalerie<\/a>. Viel Spass!<\/p>\n<p><img loading=\"lazy\" decoding=\"async\" class=\"alignnone size-full wp-image-12\" src=\"http:\/\/kevinrechsteiner.com\/bananafishbones2017\/wp-content\/uploads\/2018\/01\/IMG_3776.jpg\" alt=\"\" width=\"1667\" height=\"2500\" srcset=\"https:\/\/kevinrechsteiner.com\/bananafishbones2017\/wp-content\/uploads\/2018\/01\/IMG_3776.jpg 1667w, https:\/\/kevinrechsteiner.com\/bananafishbones2017\/wp-content\/uploads\/2018\/01\/IMG_3776-200x300.jpg 200w, https:\/\/kevinrechsteiner.com\/bananafishbones2017\/wp-content\/uploads\/2018\/01\/IMG_3776-768x1152.jpg 768w, https:\/\/kevinrechsteiner.com\/bananafishbones2017\/wp-content\/uploads\/2018\/01\/IMG_3776-683x1024.jpg 683w, https:\/\/kevinrechsteiner.com\/bananafishbones2017\/wp-content\/uploads\/2018\/01\/IMG_3776-304x456.jpg 304w\" sizes=\"auto, (max-width: 1667px) 100vw, 1667px\" \/><\/p>\n","protected":false},"excerpt":{"rendered":"<p>Bereits zum f\u00fcnften Mal habe ich die Live &amp; Unplugged-Konzerte der Bananafishbones besucht. Im Jahr 2017 war es ein ganz spezieller Anlass, weil die Bananafishbones ihr dreissigj\u00e4hriges Jubil\u00e4um feierten. In diesem Jahr gab es keine Gastmusiker, daf\u00fcr ganz viel Geschichte zu dreissig Jahren Bananafishbones. Ich hoffe, dass ich auch in diesem Jahr die Emotionen der &hellip; <\/p>\n<p class=\"link-more\"><a href=\"https:\/\/kevinrechsteiner.com\/bananafishbones2017\/\" class=\"more-link\"><span class=\"screen-reader-text\">&#171;Live &#038; Unplugged 2017&#187;<\/span> weiterlesen<\/a><\/p>\n","protected":false},"author":3,"featured_media":0,"parent":0,"menu_order":0,"comment_status":"closed","ping_status":"closed","template":"","meta":{"footnotes":""},"class_list":["post-5","page","type-page","status-publish","hentry","entry"],"_links":{"self":[{"href":"https:\/\/kevinrechsteiner.com\/bananafishbones2017\/wp-json\/wp\/v2\/pages\/5","targetHints":{"allow":["GET"]}}],"collection":[{"href":"https:\/\/kevinrechsteiner.com\/bananafishbones2017\/wp-json\/wp\/v2\/pages"}],"about":[{"href":"https:\/\/kevinrechsteiner.com\/bananafishbones2017\/wp-json\/wp\/v2\/types\/page"}],"author":[{"embeddable":true,"href":"https:\/\/kevinrechsteiner.com\/bananafishbones2017\/wp-json\/wp\/v2\/users\/3"}],"replies":[{"embeddable":true,"href":"https:\/\/kevinrechsteiner.com\/bananafishbones2017\/wp-json\/wp\/v2\/comments?post=5"}],"version-history":[{"count":7,"href":"https:\/\/kevinrechsteiner.com\/bananafishbones2017\/wp-json\/wp\/v2\/pages\/5\/revisions"}],"predecessor-version":[{"id":89,"href":"https:\/\/kevinrechsteiner.com\/bananafishbones2017\/wp-json\/wp\/v2\/pages\/5\/revisions\/89"}],"wp:attachment":[{"href":"https:\/\/kevinrechsteiner.com\/bananafishbones2017\/wp-json\/wp\/v2\/media?parent=5"}],"curies":[{"name":"wp","href":"https:\/\/api.w.org\/{rel}","templated":true}]}}