{"id":10282,"date":"2015-06-20T17:09:54","date_gmt":"2015-06-20T15:09:54","guid":{"rendered":"http:\/\/kevinrechsteiner.com\/blog\/?page_id=10282"},"modified":"2015-06-29T21:11:14","modified_gmt":"2015-06-29T19:11:14","slug":"about-herzblut","status":"publish","type":"page","link":"https:\/\/kevinrechsteiner.com\/blog\/about-herzblut\/","title":{"rendered":"About: Herzblut"},"content":{"rendered":"<p>Mein Name ist <a href=\"https:\/\/kevinrechsteiner.com\/blog\/leistungen\/\">Kevin Rechsteiner<\/a> und in diesem Blog sammle ich, was ich spannend finde&#8230;<\/p>\n<p><strong>Bedeutungen Herzblut:<\/strong><br \/>\n[1] poetisch, \u00fcbertragen: Leben<br \/>\n[2] \u00fcbertragen: Leidenschaft, tiefes Gef\u00fchl<\/p>\n<p>Ich mag Menschen, die ihre Hobbys, ihren Beruf oder das Leben mit Herzblut leben. Ob es sich um Fotografieren, Kochen, Musik machen oder Erschaffen handelt spielt mir keine Rolle. Ich muss das gl\u00e4nzen in den Augen sehen. Ich finde es spannend solche Menschen zu begleiten. Darum entstehen immer wieder Berichte und Dokumentationen \u00fcber solche Personen.<\/p>\n<p><strong>Spezielles:<\/strong><br \/>\nIch durfte die Band &#8220;Bananafishbones&#8221; schon zwei Mal bei ihren Live &amp; Unplugged-Konzerten begleiten. <a href=\"https:\/\/notalike.ch\/bananafishbones2013\/\">2013<\/a> &amp; <a href=\"https:\/\/notalike.ch\/bananafishbones2014\/\" target=\"_blank\">2014<\/a><\/p>\n<span style=\"font-size:14px;\"><b>Immer aktuell bleiben?<\/b><br>\r\nFolgen auf <a href=\"https:\/\/www.facebook.com\/notalike.ch\" style=\"color:#e23434 \">Facebook<\/a><br><br><\/span>\n","protected":false},"excerpt":{"rendered":"<p>Mein Name ist Kevin Rechsteiner und in diesem Blog sammle ich, was ich spannend finde&#8230; Bedeutungen Herzblut: [1] poetisch, \u00fcbertragen: Leben [2] \u00fcbertragen: Leidenschaft, tiefes Gef\u00fchl Ich mag Menschen, die ihre Hobbys, ihren Beruf oder das Leben mit Herzblut leben. Ob es sich um Fotografieren, Kochen, Musik machen oder Erschaffen handelt spielt mir keine Rolle. [&hellip;]<\/p>\n","protected":false},"author":1,"featured_media":0,"parent":0,"menu_order":0,"comment_status":"open","ping_status":"open","template":"","meta":{"footnotes":""},"class_list":["post-10282","page","type-page","status-publish","hentry"],"_links":{"self":[{"href":"https:\/\/kevinrechsteiner.com\/blog\/wp-json\/wp\/v2\/pages\/10282","targetHints":{"allow":["GET"]}}],"collection":[{"href":"https:\/\/kevinrechsteiner.com\/blog\/wp-json\/wp\/v2\/pages"}],"about":[{"href":"https:\/\/kevinrechsteiner.com\/blog\/wp-json\/wp\/v2\/types\/page"}],"author":[{"embeddable":true,"href":"https:\/\/kevinrechsteiner.com\/blog\/wp-json\/wp\/v2\/users\/1"}],"replies":[{"embeddable":true,"href":"https:\/\/kevinrechsteiner.com\/blog\/wp-json\/wp\/v2\/comments?post=10282"}],"version-history":[{"count":0,"href":"https:\/\/kevinrechsteiner.com\/blog\/wp-json\/wp\/v2\/pages\/10282\/revisions"}],"wp:attachment":[{"href":"https:\/\/kevinrechsteiner.com\/blog\/wp-json\/wp\/v2\/media?parent=10282"}],"curies":[{"name":"wp","href":"https:\/\/api.w.org\/{rel}","templated":true}]}}