{"id":10330,"date":"2015-06-27T19:53:35","date_gmt":"2015-06-27T17:53:35","guid":{"rendered":"http:\/\/kevinrechsteiner.com\/blog\/?page_id=10330"},"modified":"2019-09-14T12:26:13","modified_gmt":"2019-09-14T10:26:13","slug":"about-coaching","status":"publish","type":"page","link":"https:\/\/kevinrechsteiner.com\/blog\/about-coaching\/","title":{"rendered":"About: Coaching"},"content":{"rendered":"<p>Mein Name ist <a href=\"https:\/\/kevinrechsteiner.com\/blog\/leistungen\/\">Kevin Rechsteiner<\/a> und in diesem Blog sammle ich, was ich spannend finde&#8230;<\/p>\n<p>Die Beziehung zwischen Menschen hat mich immer schon fasziniert. Warum funktionieren gewisse Beziehungen und andere nicht. Warum ist es so schwer, gewisse Dinge auszusprechen. Was macht die Beziehungen so kompliziert? Sex? Liebe? Kommunikation? Ego?<br \/>\nIm Jahr 2012\u00a0habe ich dann eine Ausbildung zum Paar- und Familienberater am IKP Z\u00fcrich gemacht um mich in diesem Thema zu vertiefen. Ich arbeite immer mal wieder als Berater und biete Seminare zu diesem Thema an.<br \/>\nIm Moment besch\u00e4ftige ich mich sehr mit unseren Gedanken: Woher kommen Sie? Was blockieren und erm\u00f6glichen sie &#8211; und warum? Ich besch\u00e4ftige mich auch immer wieder intensiv mit k\u00fcrzeren Arbeitszeiten und Teilzeitstellen und welche Vorteile es davon gibt&#8230; tralala<\/p>\n<span style=\"font-size:14px;\"><b>Immer aktuell bleiben?<\/b><br>\r\nFolgen auf <a href=\"https:\/\/www.facebook.com\/notalike.ch\" style=\"color:#e23434 \">Facebook<\/a><br><br><\/span>\n","protected":false},"excerpt":{"rendered":"<p>Mein Name ist Kevin Rechsteiner und in diesem Blog sammle ich, was ich spannend finde&#8230; Die Beziehung zwischen Menschen hat mich immer schon fasziniert. Warum funktionieren gewisse Beziehungen und andere nicht. Warum ist es so schwer, gewisse Dinge auszusprechen. Was macht die Beziehungen so kompliziert? Sex? Liebe? Kommunikation? Ego? Im Jahr 2012\u00a0habe ich dann eine [&hellip;]<\/p>\n","protected":false},"author":1,"featured_media":0,"parent":0,"menu_order":0,"comment_status":"open","ping_status":"open","template":"","meta":{"footnotes":""},"class_list":["post-10330","page","type-page","status-publish","hentry"],"_links":{"self":[{"href":"https:\/\/kevinrechsteiner.com\/blog\/wp-json\/wp\/v2\/pages\/10330","targetHints":{"allow":["GET"]}}],"collection":[{"href":"https:\/\/kevinrechsteiner.com\/blog\/wp-json\/wp\/v2\/pages"}],"about":[{"href":"https:\/\/kevinrechsteiner.com\/blog\/wp-json\/wp\/v2\/types\/page"}],"author":[{"embeddable":true,"href":"https:\/\/kevinrechsteiner.com\/blog\/wp-json\/wp\/v2\/users\/1"}],"replies":[{"embeddable":true,"href":"https:\/\/kevinrechsteiner.com\/blog\/wp-json\/wp\/v2\/comments?post=10330"}],"version-history":[{"count":1,"href":"https:\/\/kevinrechsteiner.com\/blog\/wp-json\/wp\/v2\/pages\/10330\/revisions"}],"predecessor-version":[{"id":17675,"href":"https:\/\/kevinrechsteiner.com\/blog\/wp-json\/wp\/v2\/pages\/10330\/revisions\/17675"}],"wp:attachment":[{"href":"https:\/\/kevinrechsteiner.com\/blog\/wp-json\/wp\/v2\/media?parent=10330"}],"curies":[{"name":"wp","href":"https:\/\/api.w.org\/{rel}","templated":true}]}}