{"id":10366,"date":"2015-07-01T15:11:57","date_gmt":"2015-07-01T13:11:57","guid":{"rendered":"http:\/\/kevinrechsteiner.com\/blog\/?page_id=10366"},"modified":"2015-07-01T15:11:57","modified_gmt":"2015-07-01T13:11:57","slug":"about-reading","status":"publish","type":"page","link":"https:\/\/kevinrechsteiner.com\/blog\/about-reading\/","title":{"rendered":"About: Reading"},"content":{"rendered":"<p>Mein Name ist <a href=\"https:\/\/kevinrechsteiner.com\/blog\/leistungen\/\">Kevin Rechsteiner<\/a> und in diesem Blog sammle ich, was ich spannend finde&#8230;<\/p>\n<p>Meine Faszination f\u00fcr das Geschriebene hat schon fr\u00fch angefangen. Meine Wohnung ist voll von gelesenen und ungelesenen B\u00fcchern. Neben B\u00fcchern interessiere ich mich auch sehr f\u00fcr das gedruckte Magazin. Ich bin immer auf der Suche nach speziellen und liebevoll gemachten B\u00fcchern und Magazinen, wie z.B. Kinfolk oder Cereal.<br \/>\nEs kommt immer wieder die Idee auf, selber ein Magazin herauszugeben. Dazu aber ein anderes Mal mehr&#8230;<\/p>\n<span style=\"font-size:14px;\"><b>Immer aktuell bleiben?<\/b><br>\r\nFolgen auf <a href=\"https:\/\/www.facebook.com\/notalike.ch\" style=\"color:#e23434 \">Facebook<\/a><br><br><\/span>\n","protected":false},"excerpt":{"rendered":"<p>Mein Name ist Kevin Rechsteiner und in diesem Blog sammle ich, was ich spannend finde&#8230; Meine Faszination f\u00fcr das Geschriebene hat schon fr\u00fch angefangen. Meine Wohnung ist voll von gelesenen und ungelesenen B\u00fcchern. Neben B\u00fcchern interessiere ich mich auch sehr f\u00fcr das gedruckte Magazin. Ich bin immer auf der Suche nach speziellen und liebevoll gemachten [&hellip;]<\/p>\n","protected":false},"author":1,"featured_media":0,"parent":0,"menu_order":0,"comment_status":"closed","ping_status":"open","template":"","meta":{"footnotes":""},"class_list":["post-10366","page","type-page","status-publish","hentry"],"_links":{"self":[{"href":"https:\/\/kevinrechsteiner.com\/blog\/wp-json\/wp\/v2\/pages\/10366","targetHints":{"allow":["GET"]}}],"collection":[{"href":"https:\/\/kevinrechsteiner.com\/blog\/wp-json\/wp\/v2\/pages"}],"about":[{"href":"https:\/\/kevinrechsteiner.com\/blog\/wp-json\/wp\/v2\/types\/page"}],"author":[{"embeddable":true,"href":"https:\/\/kevinrechsteiner.com\/blog\/wp-json\/wp\/v2\/users\/1"}],"replies":[{"embeddable":true,"href":"https:\/\/kevinrechsteiner.com\/blog\/wp-json\/wp\/v2\/comments?post=10366"}],"version-history":[{"count":0,"href":"https:\/\/kevinrechsteiner.com\/blog\/wp-json\/wp\/v2\/pages\/10366\/revisions"}],"wp:attachment":[{"href":"https:\/\/kevinrechsteiner.com\/blog\/wp-json\/wp\/v2\/media?parent=10366"}],"curies":[{"name":"wp","href":"https:\/\/api.w.org\/{rel}","templated":true}]}}