{"id":10732,"date":"2015-10-04T20:46:10","date_gmt":"2015-10-04T18:46:10","guid":{"rendered":"http:\/\/kevinrechsteiner.com\/blog\/?page_id=10732"},"modified":"2024-06-07T08:55:48","modified_gmt":"2024-06-07T06:55:48","slug":"werbung","status":"publish","type":"page","link":"https:\/\/kevinrechsteiner.com\/blog\/werbung\/","title":{"rendered":"Werbung"},"content":{"rendered":"<p>Dieser halbprivate Blog wird von Kevin Rechsteiner betrieben. Seit 2012 ver\u00e4ndern sich die Themenschwerpunkte konstant. Mittlerweile haben alle Themen, die das Leben zum Gesamtkunstwerk machen den Schwerpunkt erhalten. Fotografie, B\u00fccher, Magazine, Gin, Bier, Kaffee, Reisen, Autos und viele interessante Menschen erhalten hier ihren Platz!<\/p>\n<p><strong>Bezahlte Beitr\u00e4ge \/ Sponsored Posts<\/strong><br \/>\nSponsored Posts sind auf diesem Blog leider nicht m\u00f6glich. Falls mir ein Produkt oder eine Idee gef\u00e4llt, schreibe ich einfach so dar\u00fcber.<\/p>\n<p><strong>Zusammenarbeiten<\/strong><br \/>\nF\u00fcr interessante Projekt bin ich jederzeit zu haben. Auch Produkte teste ich sehr gerne (Adresse unten), allerdings sollte alles zu meinem Blog oder Stil passen. Neben klassischen Blogbeitr\u00e4gen bin ich auch f\u00fcr andere Projekte (Fotos, Videos, Events usw.) offen. Einfach melden!<\/p>\n<p><strong>Youtube<\/strong><br \/>\nUnd einen <a href=\"https:\/\/www.youtube.com\/channel\/UC44tbaA4qC-SVeKc03USsdg\" target=\"_blank\" rel=\"noopener\">Youtube-Kanal<\/a> gibt es auch noch.<\/p>\n<p><strong>Adresse<\/strong><br \/>\nKevin Rechsteiner<br \/>\nIndustriestrasse 18<br \/>\n8424 Embrach<br \/>\n<a href=\"mailto:mail@kevinrechsteiner.com\">mail@kevinrechsteiner.com<\/a><\/p>\n","protected":false},"excerpt":{"rendered":"<p>Dieser halbprivate Blog wird von Kevin Rechsteiner betrieben. Seit 2012 ver\u00e4ndern sich die Themenschwerpunkte konstant. Mittlerweile haben alle Themen, die das Leben zum Gesamtkunstwerk machen den Schwerpunkt erhalten. Fotografie, B\u00fccher, Magazine, Gin, Bier, Kaffee, Reisen, Autos und viele interessante Menschen erhalten hier ihren Platz! Bezahlte Beitr\u00e4ge \/ Sponsored Posts Sponsored Posts sind auf diesem Blog [&hellip;]<\/p>\n","protected":false},"author":1,"featured_media":0,"parent":0,"menu_order":0,"comment_status":"closed","ping_status":"closed","template":"","meta":{"footnotes":""},"class_list":["post-10732","page","type-page","status-publish","hentry"],"_links":{"self":[{"href":"https:\/\/kevinrechsteiner.com\/blog\/wp-json\/wp\/v2\/pages\/10732","targetHints":{"allow":["GET"]}}],"collection":[{"href":"https:\/\/kevinrechsteiner.com\/blog\/wp-json\/wp\/v2\/pages"}],"about":[{"href":"https:\/\/kevinrechsteiner.com\/blog\/wp-json\/wp\/v2\/types\/page"}],"author":[{"embeddable":true,"href":"https:\/\/kevinrechsteiner.com\/blog\/wp-json\/wp\/v2\/users\/1"}],"replies":[{"embeddable":true,"href":"https:\/\/kevinrechsteiner.com\/blog\/wp-json\/wp\/v2\/comments?post=10732"}],"version-history":[{"count":6,"href":"https:\/\/kevinrechsteiner.com\/blog\/wp-json\/wp\/v2\/pages\/10732\/revisions"}],"predecessor-version":[{"id":22465,"href":"https:\/\/kevinrechsteiner.com\/blog\/wp-json\/wp\/v2\/pages\/10732\/revisions\/22465"}],"wp:attachment":[{"href":"https:\/\/kevinrechsteiner.com\/blog\/wp-json\/wp\/v2\/media?parent=10732"}],"curies":[{"name":"wp","href":"https:\/\/api.w.org\/{rel}","templated":true}]}}