{"id":9213,"date":"2014-11-11T14:21:46","date_gmt":"2014-11-11T13:21:46","guid":{"rendered":"http:\/\/kevinrechsteiner.com\/blog\/?page_id=9213"},"modified":"2014-11-11T14:57:26","modified_gmt":"2014-11-11T13:57:26","slug":"newsletter","status":"publish","type":"page","link":"https:\/\/kevinrechsteiner.com\/blog\/newsletter\/","title":{"rendered":"Newsletter"},"content":{"rendered":"<p><span class=\"shortcode-code\">Etwa alle zwei Wochen stelle ich hier eine handverlesene Auswahl von Artikeln aus diesem Blog zusammen und kombiniere diese mit weiteren Fundst\u00fccken aus dem Netz.<br \/>\nNat\u00fcrlich k\u00f6nnt ihr den Newsletter jederzeit wieder abmelden und Eure Mailadressen bleiben nur bei mir. Versprochen!<\/span><\/p>\n<p>[yks-mailchimp-list id=&#8221;ba40b144a4&#8243; submit_text=&#8221;Submit&#8221;]<\/p>\n","protected":false},"excerpt":{"rendered":"<p>Etwa alle zwei Wochen stelle ich hier eine handverlesene Auswahl von Artikeln aus diesem Blog zusammen und kombiniere diese mit weiteren Fundst\u00fccken aus dem Netz. Nat\u00fcrlich k\u00f6nnt ihr den Newsletter jederzeit wieder abmelden und Eure Mailadressen bleiben nur bei mir. Versprochen! [yks-mailchimp-list id=&#8221;ba40b144a4&#8243; submit_text=&#8221;Submit&#8221;]<\/p>\n","protected":false},"author":1,"featured_media":0,"parent":0,"menu_order":0,"comment_status":"closed","ping_status":"closed","template":"","meta":{"footnotes":""},"class_list":["post-9213","page","type-page","status-publish","hentry"],"_links":{"self":[{"href":"https:\/\/kevinrechsteiner.com\/blog\/wp-json\/wp\/v2\/pages\/9213","targetHints":{"allow":["GET"]}}],"collection":[{"href":"https:\/\/kevinrechsteiner.com\/blog\/wp-json\/wp\/v2\/pages"}],"about":[{"href":"https:\/\/kevinrechsteiner.com\/blog\/wp-json\/wp\/v2\/types\/page"}],"author":[{"embeddable":true,"href":"https:\/\/kevinrechsteiner.com\/blog\/wp-json\/wp\/v2\/users\/1"}],"replies":[{"embeddable":true,"href":"https:\/\/kevinrechsteiner.com\/blog\/wp-json\/wp\/v2\/comments?post=9213"}],"version-history":[{"count":0,"href":"https:\/\/kevinrechsteiner.com\/blog\/wp-json\/wp\/v2\/pages\/9213\/revisions"}],"wp:attachment":[{"href":"https:\/\/kevinrechsteiner.com\/blog\/wp-json\/wp\/v2\/media?parent=9213"}],"curies":[{"name":"wp","href":"https:\/\/api.w.org\/{rel}","templated":true}]}}